{"id":19,"date":"2019-09-20T17:59:40","date_gmt":"2019-09-20T15:59:40","guid":{"rendered":"http:\/\/ffssn.fr\/?page_id=19"},"modified":"2019-09-20T18:34:06","modified_gmt":"2019-09-20T16:34:06","slug":"federation-francaise-des-societes-de-sciences-naturelles-2","status":"publish","type":"page","link":"https:\/\/ffssn.fr\/","title":{"rendered":"F\u00e9d\u00e9ration fran\u00e7aise des Soci\u00e9t\u00e9s de sciences naturelles"},"content":{"rendered":"<p>\n<!--StartFragment--><\/p>\n\n\n<p>Cr\u00e9\u00e9e en 1919, La F\u00e9d\u00e9ration a pour\nobjet le progr\u00e8s de ces sciences&nbsp;: la connaissance et la protection de la\nNature, le d\u00e9veloppement et la coordination des activit\u00e9s des Associations\nf\u00e9d\u00e9r\u00e9es et l\u2019expansion scientifique fran\u00e7aise dans le domaine des Sciences\nNaturelles (Art .1 des statuts).<\/p>\n\n\n\n<p>La F\u00e9d\u00e9ration publie la  \u00ab\u00a0Revue de la F\u00e9d\u00e9ration Fran\u00e7aise des Soci\u00e9t\u00e9s de Sciences Naturelles\u00a0\u00bb .<\/p>\n\n\n\n<p>&nbsp;Ce n\u2019est pas une revue scientifique mais\nplut\u00f4t un bulletin de liaison publiant les activit\u00e9s de la FFSSN et les sommaires\ndes p\u00e9riodiques publi\u00e9s par les soci\u00e9t\u00e9s membres.<\/p>\n\n\n\n<p>La F\u00e9d\u00e9ration \u00e9dite la \u00ab Faune de France \u00bb.<\/p>\n\n\n\n<p>&nbsp;Depuis 1921, date de publication\ndu premier titre, 100 volumes sont parus. Cette collection est constitu\u00e9e par\ndes ouvrages de faunistique sp\u00e9cialis\u00e9s destin\u00e9s \u00e0 permettre l\u2019identification\ndes vert\u00e9br\u00e9s, invert\u00e9br\u00e9s et protozoaires, trait\u00e9s par ordre ou par famille\nque l\u2019on rencontre en France ou dans une aire g\u00e9ographique plus vaste\ncomprenant notre pays. Ces ouvrages s\u2019adressent aussi bien aux professionnels\nqu\u2019aux amateurs.<\/p>\n\n\n\n<p>Depuis 2011 la FFSSN organise \u00ab&nbsp; Les Rencontres Naturalistes&nbsp;\u00bb\ndans diff\u00e9rentes r\u00e9gions de France en collaboration avec ses associations membres.<\/p>\n\n\n<p><!--EndFragment--><\/p>","protected":false},"excerpt":{"rendered":"<p>Cr\u00e9\u00e9e en 1919, La F\u00e9d\u00e9ration a pour objet le progr\u00e8s de ces sciences&nbsp;: la connaissance et la protection de la Nature, le d\u00e9veloppement et la coordination des activit\u00e9s des Associations f\u00e9d\u00e9r\u00e9es et l\u2019expansion scientifique fran\u00e7aise dans le domaine des Sciences Naturelles (Art .1 des statuts). La F\u00e9d\u00e9ration publie la \u00ab\u00a0Revue de la F\u00e9d\u00e9ration Fran\u00e7aise des &hellip; <a href=\"https:\/\/ffssn.fr\/\" class=\"more-link\">Continuer la lecture<span class=\"screen-reader-text\"> de &laquo;&nbsp;F\u00e9d\u00e9ration fran\u00e7aise des Soci\u00e9t\u00e9s de sciences naturelles&nbsp;&raquo;<\/span><\/a><\/p>\n","protected":false},"author":1,"featured_media":0,"parent":0,"menu_order":0,"comment_status":"closed","ping_status":"closed","template":"","meta":{"footnotes":""},"class_list":["post-19","page","type-page","status-publish","hentry"],"_links":{"self":[{"href":"https:\/\/ffssn.fr\/index.php\/wp-json\/wp\/v2\/pages\/19","targetHints":{"allow":["GET"]}}],"collection":[{"href":"https:\/\/ffssn.fr\/index.php\/wp-json\/wp\/v2\/pages"}],"about":[{"href":"https:\/\/ffssn.fr\/index.php\/wp-json\/wp\/v2\/types\/page"}],"author":[{"embeddable":true,"href":"https:\/\/ffssn.fr\/index.php\/wp-json\/wp\/v2\/users\/1"}],"replies":[{"embeddable":true,"href":"https:\/\/ffssn.fr\/index.php\/wp-json\/wp\/v2\/comments?post=19"}],"version-history":[{"count":4,"href":"https:\/\/ffssn.fr\/index.php\/wp-json\/wp\/v2\/pages\/19\/revisions"}],"predecessor-version":[{"id":33,"href":"https:\/\/ffssn.fr\/index.php\/wp-json\/wp\/v2\/pages\/19\/revisions\/33"}],"wp:attachment":[{"href":"https:\/\/ffssn.fr\/index.php\/wp-json\/wp\/v2\/media?parent=19"}],"curies":[{"name":"wp","href":"https:\/\/api.w.org\/{rel}","templated":true}]}}