{"id":18,"date":"2019-09-20T17:59:40","date_gmt":"2019-09-20T15:59:40","guid":{"rendered":"http:\/\/ffssn.fr\/?page_id=18"},"modified":"2019-09-20T17:59:40","modified_gmt":"2019-09-20T15:59:40","slug":"federation-francaise-des-societes-de-sciences-naturelles","status":"publish","type":"page","link":"https:\/\/ffssn.fr\/index.php\/federation-francaise-des-societes-de-sciences-naturelles\/","title":{"rendered":"F\u00e9d\u00e9ration Fran\u00e7aise des soci\u00e9t\u00e9s de sciences naturelles"},"content":{"rendered":"","protected":false},"excerpt":{"rendered":"","protected":false},"author":1,"featured_media":0,"parent":0,"menu_order":0,"comment_status":"closed","ping_status":"closed","template":"","meta":{"footnotes":""},"class_list":["post-18","page","type-page","status-publish","hentry"],"_links":{"self":[{"href":"https:\/\/ffssn.fr\/index.php\/wp-json\/wp\/v2\/pages\/18","targetHints":{"allow":["GET"]}}],"collection":[{"href":"https:\/\/ffssn.fr\/index.php\/wp-json\/wp\/v2\/pages"}],"about":[{"href":"https:\/\/ffssn.fr\/index.php\/wp-json\/wp\/v2\/types\/page"}],"author":[{"embeddable":true,"href":"https:\/\/ffssn.fr\/index.php\/wp-json\/wp\/v2\/users\/1"}],"replies":[{"embeddable":true,"href":"https:\/\/ffssn.fr\/index.php\/wp-json\/wp\/v2\/comments?post=18"}],"version-history":[{"count":1,"href":"https:\/\/ffssn.fr\/index.php\/wp-json\/wp\/v2\/pages\/18\/revisions"}],"predecessor-version":[{"id":20,"href":"https:\/\/ffssn.fr\/index.php\/wp-json\/wp\/v2\/pages\/18\/revisions\/20"}],"wp:attachment":[{"href":"https:\/\/ffssn.fr\/index.php\/wp-json\/wp\/v2\/media?parent=18"}],"curies":[{"name":"wp","href":"https:\/\/api.w.org\/{rel}","templated":true}]}}